{"id":36196,"date":"2024-11-26T11:15:04","date_gmt":"2024-11-26T09:15:04","guid":{"rendered":"https:\/\/prima-oprema.si\/eu-fonds\/"},"modified":"2024-12-07T13:38:13","modified_gmt":"2024-12-07T11:38:13","slug":"eu-fonds","status":"publish","type":"page","link":"https:\/\/prima-oprema.si\/de\/eu-fonds\/","title":{"rendered":"EU-FONDS"},"content":{"rendered":"\t\t<div data-elementor-type=\"wp-page\" data-elementor-id=\"36196\" class=\"elementor elementor-36196 elementor-35303\">\n\t\t\t\t\t\t<section class=\"elementor-section elementor-top-section elementor-element elementor-element-c35c0b4 elementor-section-boxed elementor-section-height-default elementor-section-height-default sc_fly_static\" data-id=\"c35c0b4\" data-element_type=\"section\">\n\t\t\t\t\t\t<div class=\"elementor-container elementor-column-gap-extended\">\n\t\t\t\t\t<div class=\"elementor-column elementor-col-100 elementor-top-column elementor-element elementor-element-e9d6588 sc_content_align_inherit sc_layouts_column_icons_position_left sc_fly_static\" data-id=\"e9d6588\" data-element_type=\"column\">\n\t\t\t<div class=\"elementor-widget-wrap elementor-element-populated\">\n\t\t\t\t\t\t<div class=\"elementor-element elementor-element-7c79f9e sc_height_small sc_fly_static elementor-widget elementor-widget-spacer\" data-id=\"7c79f9e\" data-element_type=\"widget\" data-widget_type=\"spacer.default\">\n\t\t\t\t<div class=\"elementor-widget-container\">\n\t\t\t\t\t<div class=\"elementor-spacer\">\n\t\t\t<div class=\"elementor-spacer-inner\"><\/div>\n\t\t<\/div>\n\t\t\t\t<\/div>\n\t\t\t\t<\/div>\n\t\t\t\t\t<\/div>\n\t\t<\/div>\n\t\t\t\t\t<\/div>\n\t\t<\/section>\n\t\t\t\t<section class=\"elementor-section elementor-top-section elementor-element elementor-element-29655e9 elementor-section-boxed elementor-section-height-default elementor-section-height-default sc_fly_static\" data-id=\"29655e9\" data-element_type=\"section\">\n\t\t\t\t\t\t<div class=\"elementor-container elementor-column-gap-extended\">\n\t\t\t\t\t<div class=\"elementor-column elementor-col-100 elementor-top-column elementor-element elementor-element-a91e934 sc_content_align_inherit sc_layouts_column_icons_position_left sc_fly_static\" data-id=\"a91e934\" data-element_type=\"column\">\n\t\t\t<div class=\"elementor-widget-wrap elementor-element-populated\">\n\t\t\t\t\t\t<div class=\"elementor-element elementor-element-15164f7e sc_fly_static elementor-widget elementor-widget-trx_sc_title\" data-id=\"15164f7e\" data-element_type=\"widget\" data-widget_type=\"trx_sc_title.default\">\n\t\t\t\t<div class=\"elementor-widget-container\">\n\t\t\t<div\t\tclass=\"sc_title sc_title_default\" ><span class=\"sc_item_subtitle sc_title_subtitle sc_item_subtitle_above sc_item_title_style_default sc_item_subtitle_with_custom_color trx_addons_inline_1323309826\">EU-FONDS<\/span><h1 class=\"sc_item_title sc_title_title sc_item_title_style_default sc_item_title_tag\"\n\t\t\t><span class=\"sc_item_title_text\">Start des TKT-Projekts<\/span><\/h1><\/div>\t\t<\/div>\n\t\t\t\t<\/div>\n\t\t\t\t<div class=\"elementor-element elementor-element-df17970 sc_fly_static elementor-widget elementor-widget-spacer\" data-id=\"df17970\" data-element_type=\"widget\" data-widget_type=\"spacer.default\">\n\t\t\t\t<div class=\"elementor-widget-container\">\n\t\t\t\t\t<div class=\"elementor-spacer\">\n\t\t\t<div class=\"elementor-spacer-inner\"><\/div>\n\t\t<\/div>\n\t\t\t\t<\/div>\n\t\t\t\t<\/div>\n\t\t\t\t\t<\/div>\n\t\t<\/div>\n\t\t\t\t\t<\/div>\n\t\t<\/section>\n\t\t\t\t<section class=\"elementor-section elementor-top-section elementor-element elementor-element-4c27205 elementor-section-boxed elementor-section-height-default elementor-section-height-default sc_fly_static\" data-id=\"4c27205\" data-element_type=\"section\">\n\t\t\t\t\t\t<div class=\"elementor-container elementor-column-gap-extended\">\n\t\t\t\t\t<div class=\"elementor-column elementor-col-100 elementor-top-column elementor-element elementor-element-fc9a6ee sc_content_align_inherit sc_layouts_column_icons_position_left sc_fly_static\" data-id=\"fc9a6ee\" data-element_type=\"column\">\n\t\t\t<div class=\"elementor-widget-wrap elementor-element-populated\">\n\t\t\t\t\t\t<div class=\"elementor-element elementor-element-75989c6 sc_fly_static elementor-widget elementor-widget-text-editor\" data-id=\"75989c6\" data-element_type=\"widget\" data-widget_type=\"text-editor.default\">\n\t\t\t\t<div class=\"elementor-widget-container\">\n\t\t\t\t\t\t\t<p>Bei Prima oprema d.o.o. sind wir uns seit langem der Bedeutung von Nachhaltigkeit und verantwortungsvollem Ressourcenmanagement bewusst. Die Teilnahme am Projekt &#8222;Nachhaltige und zirkul\u00e4re Transformation&#8220; hat uns die M\u00f6glichkeit gegeben, auf unserem Know-how und unserer Erfahrung aufzubauen und durch unsere Innovationen und nachhaltigen L\u00f6sungen f\u00fcr unsere Kunden einen wichtigen Beitrag zum Aufbau einer Kreislaufwirtschaft zu leisten.<\/p>\n<p>Ziel der Aufforderung zur Einreichung von Vorschl\u00e4gen ist die fachliche und finanzielle Unterst\u00fctzung von Start-up-, Kleinst-, kleinen und mittleren Unternehmen im intensiven Prozess der nachhaltigen und zirkul\u00e4ren Unternehmenstransformation, wobei der Schwerpunkt auf der Verfolgung der strategischen Ziele der Ressourceneffizienz, der Kreislaufwirtschaft, der Verringerung negativer Auswirkungen auf die Wirtschaft und der Senkung der Gesch\u00e4ftskosten liegt. Erh\u00f6hung der positiven Auswirkungen auf das Klima und die Umwelt, die Gesellschaft und die Wirtschaftsgemeinschaft und damit Steigerung der Produktivit\u00e4t und Wettbewerbsf\u00e4higkeit des Unternehmens.<\/p>\n<p>Im Rahmen der TKT-Akademie wird Prima oprema d.o.o. unter der Leitung der Expertin Fink Tatjana eine langfristige nachhaltige und zirkul\u00e4re Gesch\u00e4ftsstrategie, nachhaltige, zirkul\u00e4re und kohlenstoffarme Gesch\u00e4ftsmodelle und einen Vorschlag f\u00fcr ein Umsetzungsprojekt ausarbeiten, das einen wesentlichen Beitrag zur Umsetzung nachhaltiger, zirkul\u00e4rer und kohlenstoffarmer Gesch\u00e4ftsstrategien leisten wird, mit einem Schwerpunkt im Bereich der Etablierung zirkul\u00e4rer Gesch\u00e4ftsprinzipien, und das das Unternehmen dann in Phase B beantragen kann.<\/p>\n<p>Programmdauer: 09\/2024 &#8211; 02\/2025<\/p>\n<p>Gesamtbudget des Programms: EUR 34.770,00<\/p>\n<p>EU-Finanzierung: EUR 34.770,00<\/p>\n<p>Die Investition ist Teil der Ma\u00dfnahmen des aus der Fazilit\u00e4t f\u00fcr Wiederaufbau und Widerstandsf\u00e4higkeit finanzierten Plans.<\/p>\n<p>&#8222;Finanziert von der Europ\u00e4ischen Union &#8211; NextGenerationEU&#8220;<\/p>\n<p>Lesen Sie mehr: <a href=\"http:\/\/www.noo.gov.si\">www.noo.gov.si<\/a><\/p>\n<p>Weitere Informationen: <a href=\"http:\/\/www.evropskasredstva.si\">www.evropskasredstva.si.<\/a><\/p>\n\t\t\t\t\t\t<\/div>\n\t\t\t\t<\/div>\n\t\t\t\t<div class=\"elementor-element elementor-element-db49d1d sc_fly_static elementor-widget elementor-widget-spacer\" data-id=\"db49d1d\" data-element_type=\"widget\" data-widget_type=\"spacer.default\">\n\t\t\t\t<div class=\"elementor-widget-container\">\n\t\t\t\t\t<div class=\"elementor-spacer\">\n\t\t\t<div class=\"elementor-spacer-inner\"><\/div>\n\t\t<\/div>\n\t\t\t\t<\/div>\n\t\t\t\t<\/div>\n\t\t\t\t<div class=\"elementor-element elementor-element-0d90fe8 sc_fly_static elementor-widget elementor-widget-image\" data-id=\"0d90fe8\" data-element_type=\"widget\" data-widget_type=\"image.default\">\n\t\t\t\t<div class=\"elementor-widget-container\">\n\t\t\t\t\t\t\t\t\t\t\t\t\t<img fetchpriority=\"high\" decoding=\"async\" width=\"1024\" height=\"69\" src=\"https:\/\/prima-oprema.si\/wp-content\/uploads\/2024\/11\/eu-sredstva-1024x69.png\" class=\"attachment-large size-large wp-image-35305\" alt=\"\" srcset=\"https:\/\/prima-oprema.si\/wp-content\/uploads\/2024\/11\/eu-sredstva-1024x69.png 1024w, https:\/\/prima-oprema.si\/wp-content\/uploads\/2024\/11\/eu-sredstva-300x20.png 300w, https:\/\/prima-oprema.si\/wp-content\/uploads\/2024\/11\/eu-sredstva-768x52.png 768w, https:\/\/prima-oprema.si\/wp-content\/uploads\/2024\/11\/eu-sredstva-370x25.png 370w, https:\/\/prima-oprema.si\/wp-content\/uploads\/2024\/11\/eu-sredstva-840x57.png 840w, https:\/\/prima-oprema.si\/wp-content\/uploads\/2024\/11\/eu-sredstva-410x28.png 410w, https:\/\/prima-oprema.si\/wp-content\/uploads\/2024\/11\/eu-sredstva.png 1247w\" sizes=\"(max-width: 1024px) 100vw, 1024px\" \/>\t\t\t\t\t\t\t\t\t\t\t\t\t<\/div>\n\t\t\t\t<\/div>\n\t\t\t\t<div class=\"elementor-element elementor-element-30c3135 sc_fly_static elementor-widget elementor-widget-spacer\" data-id=\"30c3135\" data-element_type=\"widget\" data-widget_type=\"spacer.default\">\n\t\t\t\t<div class=\"elementor-widget-container\">\n\t\t\t\t\t<div class=\"elementor-spacer\">\n\t\t\t<div class=\"elementor-spacer-inner\"><\/div>\n\t\t<\/div>\n\t\t\t\t<\/div>\n\t\t\t\t<\/div>\n\t\t\t\t\t<\/div>\n\t\t<\/div>\n\t\t\t\t\t<\/div>\n\t\t<\/section>\n\t\t\t\t<\/div>\n\t\t","protected":false},"excerpt":{"rendered":"<p>EU-FONDS Start des TKT-Projekts Bei Prima oprema d.o.o. sind wir uns seit langem der Bedeutung von Nachhaltigkeit und verantwortungsvollem Ressourcenmanagement bewusst. Die Teilnahme am Projekt &#8222;Nachhaltige und zirkul\u00e4re Transformation&#8220; hat&hellip;<\/p>\n","protected":false},"author":1,"featured_media":36060,"parent":0,"menu_order":0,"comment_status":"closed","ping_status":"closed","template":"","meta":{"footnotes":""},"class_list":["post-36196","page","type-page","status-publish","has-post-thumbnail","hentry"],"yoast_head":"<!-- This site is optimized with the Yoast SEO plugin v24.6 - https:\/\/yoast.com\/wordpress\/plugins\/seo\/ -->\n<title>EU-FONDS - Prima Oprema d.o.o.<\/title>\n<meta name=\"robots\" content=\"index, follow, max-snippet:-1, max-image-preview:large, max-video-preview:-1\" \/>\n<link rel=\"canonical\" href=\"https:\/\/prima-oprema.si\/de\/eu-fonds\/\" \/>\n<meta property=\"og:locale\" content=\"de_DE\" \/>\n<meta property=\"og:type\" content=\"article\" \/>\n<meta property=\"og:title\" content=\"EU-FONDS - Prima Oprema d.o.o.\" \/>\n<meta property=\"og:description\" content=\"EU-FONDS Start des TKT-Projekts Bei Prima oprema d.o.o. sind wir uns seit langem der Bedeutung von Nachhaltigkeit und verantwortungsvollem Ressourcenmanagement bewusst. Die Teilnahme am Projekt &#8222;Nachhaltige und zirkul\u00e4re Transformation&#8220; hat&hellip;\" \/>\n<meta property=\"og:url\" content=\"https:\/\/prima-oprema.si\/de\/eu-fonds\/\" \/>\n<meta property=\"og:site_name\" content=\"Prima Oprema d.o.o.\" \/>\n<meta property=\"article:publisher\" content=\"https:\/\/www.facebook.com\/people\/Prima-Oprema-Doo\/pfbid02AU2ZcqTRZ1uRisW69Q6RVh9kTn4nhxa525EZ1uuqxsiiy9zw3rRPtDyUZ2EP822xl\/\" \/>\n<meta property=\"article:modified_time\" content=\"2024-12-07T11:38:13+00:00\" \/>\n<meta property=\"og:image\" content=\"https:\/\/prima-oprema.si\/wp-content\/uploads\/2024\/11\/eu-sredstva.png\" \/>\n\t<meta property=\"og:image:width\" content=\"1247\" \/>\n\t<meta property=\"og:image:height\" content=\"84\" \/>\n\t<meta property=\"og:image:type\" content=\"image\/png\" \/>\n<meta name=\"twitter:card\" content=\"summary_large_image\" \/>\n<meta name=\"twitter:label1\" content=\"Gesch\u00e4tzte Lesezeit\" \/>\n\t<meta name=\"twitter:data1\" content=\"1\u00a0Minute\" \/>\n<script type=\"application\/ld+json\" class=\"yoast-schema-graph\">{\"@context\":\"https:\/\/schema.org\",\"@graph\":[{\"@type\":\"WebPage\",\"@id\":\"https:\/\/prima-oprema.si\/de\/eu-fonds\/\",\"url\":\"https:\/\/prima-oprema.si\/de\/eu-fonds\/\",\"name\":\"EU-FONDS - Prima Oprema d.o.o.\",\"isPartOf\":{\"@id\":\"https:\/\/prima-oprema.si\/de\/#website\"},\"primaryImageOfPage\":{\"@id\":\"https:\/\/prima-oprema.si\/de\/eu-fonds\/#primaryimage\"},\"image\":{\"@id\":\"https:\/\/prima-oprema.si\/de\/eu-fonds\/#primaryimage\"},\"thumbnailUrl\":\"https:\/\/prima-oprema.si\/wp-content\/uploads\/2024\/11\/cropped-Logo-removebg-prima-oprema.png\",\"datePublished\":\"2024-11-26T09:15:04+00:00\",\"dateModified\":\"2024-12-07T11:38:13+00:00\",\"breadcrumb\":{\"@id\":\"https:\/\/prima-oprema.si\/de\/eu-fonds\/#breadcrumb\"},\"inLanguage\":\"de\",\"potentialAction\":[{\"@type\":\"ReadAction\",\"target\":[\"https:\/\/prima-oprema.si\/de\/eu-fonds\/\"]}]},{\"@type\":\"ImageObject\",\"inLanguage\":\"de\",\"@id\":\"https:\/\/prima-oprema.si\/de\/eu-fonds\/#primaryimage\",\"url\":\"https:\/\/prima-oprema.si\/wp-content\/uploads\/2024\/11\/cropped-Logo-removebg-prima-oprema.png\",\"contentUrl\":\"https:\/\/prima-oprema.si\/wp-content\/uploads\/2024\/11\/cropped-Logo-removebg-prima-oprema.png\",\"width\":512,\"height\":512},{\"@type\":\"BreadcrumbList\",\"@id\":\"https:\/\/prima-oprema.si\/de\/eu-fonds\/#breadcrumb\",\"itemListElement\":[{\"@type\":\"ListItem\",\"position\":1,\"name\":\"Home\",\"item\":\"https:\/\/prima-oprema.si\/de\/\"},{\"@type\":\"ListItem\",\"position\":2,\"name\":\"EU-FONDS\"}]},{\"@type\":\"WebSite\",\"@id\":\"https:\/\/prima-oprema.si\/de\/#website\",\"url\":\"https:\/\/prima-oprema.si\/de\/\",\"name\":\"Prima Oprema d.o.o.\",\"description\":\"Zanesljivost in kakovost v vsakem koraku.\",\"publisher\":{\"@id\":\"https:\/\/prima-oprema.si\/de\/#organization\"},\"potentialAction\":[{\"@type\":\"SearchAction\",\"target\":{\"@type\":\"EntryPoint\",\"urlTemplate\":\"https:\/\/prima-oprema.si\/de\/?s={search_term_string}\"},\"query-input\":{\"@type\":\"PropertyValueSpecification\",\"valueRequired\":true,\"valueName\":\"search_term_string\"}}],\"inLanguage\":\"de\"},{\"@type\":\"Organization\",\"@id\":\"https:\/\/prima-oprema.si\/de\/#organization\",\"name\":\"Prima Oprema d.o.o.\",\"url\":\"https:\/\/prima-oprema.si\/de\/\",\"logo\":{\"@type\":\"ImageObject\",\"inLanguage\":\"de\",\"@id\":\"https:\/\/prima-oprema.si\/de\/#\/schema\/logo\/image\/\",\"url\":\"https:\/\/prima-oprema.si\/wp-content\/uploads\/2024\/11\/Logo-removebg-prima-oprema.png\",\"contentUrl\":\"https:\/\/prima-oprema.si\/wp-content\/uploads\/2024\/11\/Logo-removebg-prima-oprema.png\",\"width\":506,\"height\":493,\"caption\":\"Prima Oprema d.o.o.\"},\"image\":{\"@id\":\"https:\/\/prima-oprema.si\/de\/#\/schema\/logo\/image\/\"},\"sameAs\":[\"https:\/\/www.facebook.com\/people\/Prima-Oprema-Doo\/pfbid02AU2ZcqTRZ1uRisW69Q6RVh9kTn4nhxa525EZ1uuqxsiiy9zw3rRPtDyUZ2EP822xl\/\",\"https:\/\/www.linkedin.com\/in\/prima-oprema-d-o-o-001171259\/?originalSubdomain=si\"]}]}<\/script>\n<!-- \/ Yoast SEO plugin. -->","yoast_head_json":{"title":"EU-FONDS - Prima Oprema d.o.o.","robots":{"index":"index","follow":"follow","max-snippet":"max-snippet:-1","max-image-preview":"max-image-preview:large","max-video-preview":"max-video-preview:-1"},"canonical":"https:\/\/prima-oprema.si\/de\/eu-fonds\/","og_locale":"de_DE","og_type":"article","og_title":"EU-FONDS - Prima Oprema d.o.o.","og_description":"EU-FONDS Start des TKT-Projekts Bei Prima oprema d.o.o. sind wir uns seit langem der Bedeutung von Nachhaltigkeit und verantwortungsvollem Ressourcenmanagement bewusst. Die Teilnahme am Projekt &#8222;Nachhaltige und zirkul\u00e4re Transformation&#8220; hat&hellip;","og_url":"https:\/\/prima-oprema.si\/de\/eu-fonds\/","og_site_name":"Prima Oprema d.o.o.","article_publisher":"https:\/\/www.facebook.com\/people\/Prima-Oprema-Doo\/pfbid02AU2ZcqTRZ1uRisW69Q6RVh9kTn4nhxa525EZ1uuqxsiiy9zw3rRPtDyUZ2EP822xl\/","article_modified_time":"2024-12-07T11:38:13+00:00","og_image":[{"width":1247,"height":84,"url":"https:\/\/prima-oprema.si\/wp-content\/uploads\/2024\/11\/eu-sredstva.png","type":"image\/png"}],"twitter_card":"summary_large_image","twitter_misc":{"Gesch\u00e4tzte Lesezeit":"1\u00a0Minute"},"schema":{"@context":"https:\/\/schema.org","@graph":[{"@type":"WebPage","@id":"https:\/\/prima-oprema.si\/de\/eu-fonds\/","url":"https:\/\/prima-oprema.si\/de\/eu-fonds\/","name":"EU-FONDS - Prima Oprema d.o.o.","isPartOf":{"@id":"https:\/\/prima-oprema.si\/de\/#website"},"primaryImageOfPage":{"@id":"https:\/\/prima-oprema.si\/de\/eu-fonds\/#primaryimage"},"image":{"@id":"https:\/\/prima-oprema.si\/de\/eu-fonds\/#primaryimage"},"thumbnailUrl":"https:\/\/prima-oprema.si\/wp-content\/uploads\/2024\/11\/cropped-Logo-removebg-prima-oprema.png","datePublished":"2024-11-26T09:15:04+00:00","dateModified":"2024-12-07T11:38:13+00:00","breadcrumb":{"@id":"https:\/\/prima-oprema.si\/de\/eu-fonds\/#breadcrumb"},"inLanguage":"de","potentialAction":[{"@type":"ReadAction","target":["https:\/\/prima-oprema.si\/de\/eu-fonds\/"]}]},{"@type":"ImageObject","inLanguage":"de","@id":"https:\/\/prima-oprema.si\/de\/eu-fonds\/#primaryimage","url":"https:\/\/prima-oprema.si\/wp-content\/uploads\/2024\/11\/cropped-Logo-removebg-prima-oprema.png","contentUrl":"https:\/\/prima-oprema.si\/wp-content\/uploads\/2024\/11\/cropped-Logo-removebg-prima-oprema.png","width":512,"height":512},{"@type":"BreadcrumbList","@id":"https:\/\/prima-oprema.si\/de\/eu-fonds\/#breadcrumb","itemListElement":[{"@type":"ListItem","position":1,"name":"Home","item":"https:\/\/prima-oprema.si\/de\/"},{"@type":"ListItem","position":2,"name":"EU-FONDS"}]},{"@type":"WebSite","@id":"https:\/\/prima-oprema.si\/de\/#website","url":"https:\/\/prima-oprema.si\/de\/","name":"Prima Oprema d.o.o.","description":"Zanesljivost in kakovost v vsakem koraku.","publisher":{"@id":"https:\/\/prima-oprema.si\/de\/#organization"},"potentialAction":[{"@type":"SearchAction","target":{"@type":"EntryPoint","urlTemplate":"https:\/\/prima-oprema.si\/de\/?s={search_term_string}"},"query-input":{"@type":"PropertyValueSpecification","valueRequired":true,"valueName":"search_term_string"}}],"inLanguage":"de"},{"@type":"Organization","@id":"https:\/\/prima-oprema.si\/de\/#organization","name":"Prima Oprema d.o.o.","url":"https:\/\/prima-oprema.si\/de\/","logo":{"@type":"ImageObject","inLanguage":"de","@id":"https:\/\/prima-oprema.si\/de\/#\/schema\/logo\/image\/","url":"https:\/\/prima-oprema.si\/wp-content\/uploads\/2024\/11\/Logo-removebg-prima-oprema.png","contentUrl":"https:\/\/prima-oprema.si\/wp-content\/uploads\/2024\/11\/Logo-removebg-prima-oprema.png","width":506,"height":493,"caption":"Prima Oprema d.o.o."},"image":{"@id":"https:\/\/prima-oprema.si\/de\/#\/schema\/logo\/image\/"},"sameAs":["https:\/\/www.facebook.com\/people\/Prima-Oprema-Doo\/pfbid02AU2ZcqTRZ1uRisW69Q6RVh9kTn4nhxa525EZ1uuqxsiiy9zw3rRPtDyUZ2EP822xl\/","https:\/\/www.linkedin.com\/in\/prima-oprema-d-o-o-001171259\/?originalSubdomain=si"]}]}},"_links":{"self":[{"href":"https:\/\/prima-oprema.si\/de\/wp-json\/wp\/v2\/pages\/36196","targetHints":{"allow":["GET"]}}],"collection":[{"href":"https:\/\/prima-oprema.si\/de\/wp-json\/wp\/v2\/pages"}],"about":[{"href":"https:\/\/prima-oprema.si\/de\/wp-json\/wp\/v2\/types\/page"}],"author":[{"embeddable":true,"href":"https:\/\/prima-oprema.si\/de\/wp-json\/wp\/v2\/users\/1"}],"replies":[{"embeddable":true,"href":"https:\/\/prima-oprema.si\/de\/wp-json\/wp\/v2\/comments?post=36196"}],"version-history":[{"count":0,"href":"https:\/\/prima-oprema.si\/de\/wp-json\/wp\/v2\/pages\/36196\/revisions"}],"wp:featuredmedia":[{"embeddable":true,"href":"https:\/\/prima-oprema.si\/de\/wp-json\/wp\/v2\/media\/36060"}],"wp:attachment":[{"href":"https:\/\/prima-oprema.si\/de\/wp-json\/wp\/v2\/media?parent=36196"}],"curies":[{"name":"wp","href":"https:\/\/api.w.org\/{rel}","templated":true}]}}