{"id":36198,"date":"2023-03-07T11:12:41","date_gmt":"2023-03-07T09:12:41","guid":{"rendered":"https:\/\/prima-oprema.si\/kontakt\/"},"modified":"2024-12-09T11:06:55","modified_gmt":"2024-12-09T09:06:55","slug":"kontakt","status":"publish","type":"page","link":"https:\/\/prima-oprema.si\/de\/kontakt\/","title":{"rendered":"Kontakt"},"content":{"rendered":"\t\t<div data-elementor-type=\"wp-page\" data-elementor-id=\"36198\" class=\"elementor elementor-36198 elementor-1453\">\n\t\t\t\t\t\t<section class=\"elementor-section elementor-top-section elementor-element elementor-element-306f2c24 elementor-section-boxed elementor-section-height-default elementor-section-height-default sc_fly_static\" data-id=\"306f2c24\" data-element_type=\"section\">\n\t\t\t\t\t\t<div class=\"elementor-container elementor-column-gap-extended\">\n\t\t\t\t\t<div class=\"elementor-column elementor-col-100 elementor-top-column elementor-element elementor-element-367ee624 sc_content_align_inherit sc_layouts_column_icons_position_left sc_fly_static\" data-id=\"367ee624\" data-element_type=\"column\">\n\t\t\t<div class=\"elementor-widget-wrap elementor-element-populated\">\n\t\t\t\t\t\t<div class=\"elementor-element elementor-element-3ecd4bc8 sc_height_huge sc_fly_static elementor-widget elementor-widget-spacer\" data-id=\"3ecd4bc8\" data-element_type=\"widget\" data-widget_type=\"spacer.default\">\n\t\t\t\t<div class=\"elementor-widget-container\">\n\t\t\t\t\t<div class=\"elementor-spacer\">\n\t\t\t<div class=\"elementor-spacer-inner\"><\/div>\n\t\t<\/div>\n\t\t\t\t<\/div>\n\t\t\t\t<\/div>\n\t\t\t\t<section class=\"elementor-section elementor-inner-section elementor-element elementor-element-a444612 elementor-section-boxed elementor-section-height-default elementor-section-height-default sc_fly_static\" data-id=\"a444612\" data-element_type=\"section\">\n\t\t\t\t\t\t<div class=\"elementor-container elementor-column-gap-no\">\n\t\t\t\t\t<div class=\"elementor-column elementor-col-50 elementor-inner-column elementor-element elementor-element-2aa59636 sc_content_align_inherit sc_layouts_column_icons_position_left sc_fly_static\" data-id=\"2aa59636\" data-element_type=\"column\">\n\t\t\t<div class=\"elementor-widget-wrap elementor-element-populated\">\n\t\t\t\t\t\t<div class=\"elementor-element elementor-element-27bab5e8 elementor-widget__width-initial sc_fly_static elementor-widget elementor-widget-trx_sc_title\" data-id=\"27bab5e8\" data-element_type=\"widget\" data-widget_type=\"trx_sc_title.default\">\n\t\t\t\t<div class=\"elementor-widget-container\">\n\t\t\t<div\t\tclass=\"sc_title sc_title_default\" ><h1 class=\"sc_item_title sc_title_title sc_item_title_style_default sc_item_title_tag\"\n\t\t\t><span class=\"sc_item_title_text\">Kontakt<\/span><\/h1><div class=\"sc_item_descr sc_title_descr\"><p>Wir geben Ihnen gerne Auskunft \u00fcber unsere Dienstleistungen und Produkte. Nehmen Sie Kontakt mit uns auf, und gemeinsam werden wir Ihre Ideen und Projekte in die Tat umsetzen. Wir freuen uns auf die Zusammenarbeit mit Ihnen!<\/p>\n<\/div><\/div>\t\t<\/div>\n\t\t\t\t<\/div>\n\t\t\t\t<div class=\"elementor-element elementor-element-e21976e sc_fly_static elementor-widget elementor-widget-spacer\" data-id=\"e21976e\" data-element_type=\"widget\" data-widget_type=\"spacer.default\">\n\t\t\t\t<div class=\"elementor-widget-container\">\n\t\t\t\t\t<div class=\"elementor-spacer\">\n\t\t\t<div class=\"elementor-spacer-inner\"><\/div>\n\t\t<\/div>\n\t\t\t\t<\/div>\n\t\t\t\t<\/div>\n\t\t\t\t<div class=\"elementor-element elementor-element-39368c24 elementor-widget__width-initial sc_fly_static elementor-widget elementor-widget-trx_sc_icons\" data-id=\"39368c24\" data-element_type=\"widget\" data-widget_type=\"trx_sc_icons.default\">\n\t\t\t\t<div class=\"elementor-widget-container\">\n\t\t\t<div \tclass=\"sc_icons sc_icons_bordered sc_icons_size_small sc_align_none\" ><div class=\"sc_icons_item\"><div class=\"sc_icons_icon sc_icon_type_ icon-marker\" style=\"color: #9BD121\" ><span class=\"sc_icon_type_ icon-marker\" style=\"color: #9BD121\"><\/span><\/div><div class=\"sc_icons_item_details\"><h4 class=\"sc_icons_item_title\"><span>Adresse<\/span><\/h4><div class=\"sc_icons_item_description\"><span><\/span><span><\/span><span>Slowenien - Prelesje 27, 8232 \u0160entrupert<\/span><\/div><\/div><\/div><div class=\"sc_icons_item sc_icons_item_linked with_more\"><div class=\"sc_icons_icon sc_icon_type_ icon-iphone\" style=\"color: #9BD121\" ><span class=\"sc_icon_type_ icon-iphone\" style=\"color: #9BD121\"><\/span><\/div><div class=\"sc_icons_item_details\"><h4 class=\"sc_icons_item_title\"><a href=\"tel:+386%2041%20634%20727\">\n                                    Rufen Sie uns an                                    <\/a><\/h4><div class=\"sc_icons_item_description\"><span><a href=\"mailto:info@prima-oprema.si\">info@prima-oprema.si<\/a><\/span><\/div><a href=\"tel:+386%2041%20634%20727\" class=\"sc_icons_item_more_link\">\n                        <span class=\"link_text\">+386 41 634 727<\/span><span class=\"link_icon\"><\/span>\n                        <\/a><a href=\"tel:+386%2041%20634%20727\"\n                        class=\"sc_icons_item_link\">\n                        <\/a><\/div><\/div><\/div><!-- \/.sc_icons -->\t\t<\/div>\n\t\t\t\t<\/div>\n\t\t\t\t\t<\/div>\n\t\t<\/div>\n\t\t\t\t<div class=\"elementor-column elementor-col-50 elementor-inner-column elementor-element elementor-element-4d2981a6 sc_content_align_inherit sc_layouts_column_icons_position_left sc_fly_static\" data-id=\"4d2981a6\" data-element_type=\"column\">\n\t\t\t<div class=\"elementor-widget-wrap elementor-element-populated\">\n\t\t\t\t\t\t<div class=\"elementor-element elementor-element-ef589f5 sc_fly_static elementor-widget elementor-widget-wpforms\" data-id=\"ef589f5\" data-element_type=\"widget\" data-widget_type=\"wpforms.default\">\n\t\t\t\t<div class=\"elementor-widget-container\">\n\t\t\t<style id=\"wpforms-css-vars-elementor-widget-ef589f5\">\n\t\t\t\t.elementor-widget-wpforms.elementor-element-ef589f5 {\n\t\t\t\t--wpforms-field-background-color: #FFFFFF00;\n--wpforms-field-border-color: #00000085;\n--wpforms-field-border-color-spare: #00000085;\n--wpforms-label-sublabel-color: #0000007A;\n--wpforms-button-background-color: #78B85D;\n--wpforms-field-size-input-height: 43px;\n--wpforms-field-size-input-spacing: 15px;\n--wpforms-field-size-font-size: 16px;\n--wpforms-field-size-line-height: 19px;\n--wpforms-field-size-padding-h: 14px;\n--wpforms-field-size-checkbox-size: 16px;\n--wpforms-field-size-sublabel-spacing: 5px;\n--wpforms-field-size-icon-size: 1;\n--wpforms-label-size-font-size: 16px;\n--wpforms-label-size-line-height: 19px;\n--wpforms-label-size-sublabel-font-size: 14px;\n--wpforms-label-size-sublabel-line-height: 17px;\n--wpforms-button-size-font-size: 17px;\n--wpforms-button-size-height: 41px;\n--wpforms-button-size-padding-h: 15px;\n--wpforms-button-size-margin-top: 10px;\n\n\t\t\t}\n\t\t\t<\/style><div class=\"wpforms-container wpforms-container-full wpforms-render-modern\" id=\"wpforms-36307\"><form id=\"wpforms-form-36307\" class=\"wpforms-validate wpforms-form wpforms-ajax-form\" data-formid=\"36307\" method=\"post\" enctype=\"multipart\/form-data\" action=\"\/de\/wp-json\/wp\/v2\/pages\/36198\" data-token=\"b1fb690065b30052fd31635ef0066c07\" data-token-time=\"1778177649\"><noscript class=\"wpforms-error-noscript\">Bitte aktiviere JavaScript in deinem Browser, um dieses Formular fertigzustellen.<\/noscript><div class=\"wpforms-hidden\" id=\"wpforms-error-noscript\">Bitte aktiviere JavaScript in deinem Browser, um dieses Formular fertigzustellen.<\/div><div class=\"wpforms-field-container\"><div id=\"wpforms-36307-field_1-container\" class=\"wpforms-field wpforms-field-name\" data-field-id=\"1\"><label class=\"wpforms-field-label\" for=\"wpforms-36307-field_1\">Vorname und Nachname <span class=\"wpforms-required-label\" aria-hidden=\"true\">*<\/span><\/label><input type=\"text\" id=\"wpforms-36307-field_1\" class=\"wpforms-field-medium wpforms-field-required\" name=\"wpforms[fields][1]\" aria-errormessage=\"wpforms-36307-field_1-error\" required><\/div><div id=\"wpforms-36307-field_2-container\" class=\"wpforms-field wpforms-field-email\" data-field-id=\"2\"><label class=\"wpforms-field-label\" for=\"wpforms-36307-field_2\">Ihre E-Mail-Adresse <span class=\"wpforms-required-label\" aria-hidden=\"true\">*<\/span><\/label><input type=\"email\" id=\"wpforms-36307-field_2\" class=\"wpforms-field-medium wpforms-field-required\" name=\"wpforms[fields][2]\" spellcheck=\"false\" aria-errormessage=\"wpforms-36307-field_2-error\" required><\/div><div id=\"wpforms-36307-field_4-container\" class=\"wpforms-field wpforms-field-number\" data-field-id=\"4\"><label class=\"wpforms-field-label\" for=\"wpforms-36307-field_4\">Telefonnummer <span class=\"wpforms-required-label\" aria-hidden=\"true\">*<\/span><\/label><input type=\"number\" id=\"wpforms-36307-field_4\" class=\"wpforms-field-medium wpforms-field-required\" name=\"wpforms[fields][4]\" step=\"any\" aria-errormessage=\"wpforms-36307-field_4-error\" required><\/div><div id=\"wpforms-36307-field_3-container\" class=\"wpforms-field wpforms-field-textarea\" data-field-id=\"3\"><label class=\"wpforms-field-label\" for=\"wpforms-36307-field_3\">Nachricht <span class=\"wpforms-required-label\" aria-hidden=\"true\">*<\/span><\/label><textarea id=\"wpforms-36307-field_3\" class=\"wpforms-field-medium wpforms-field-required\" name=\"wpforms[fields][3]\" placeholder=\"Was m\u00f6chten Sie uns mitteilen?\" aria-errormessage=\"wpforms-36307-field_3-error\" required><\/textarea><\/div><\/div><!-- .wpforms-field-container --><div class=\"wpforms-submit-container\" ><input type=\"hidden\" name=\"wpforms[id]\" value=\"36307\"><input type=\"hidden\" name=\"page_title\" value=\"\"><input type=\"hidden\" name=\"page_url\" value=\"https:\/\/prima-oprema.si\/de\/wp-json\/wp\/v2\/pages\/36198\"><input type=\"hidden\" name=\"url_referer\" value=\"\"><button type=\"submit\" name=\"wpforms[submit]\" id=\"wpforms-submit-36307\" class=\"wpforms-submit\" data-alt-text=\"Formular senden...\" data-submit-text=\"Senden\" aria-live=\"assertive\" value=\"wpforms-submit\">Senden<\/button><img decoding=\"async\" src=\"https:\/\/prima-oprema.si\/wp-content\/plugins\/wpforms-lite\/assets\/images\/submit-spin.svg\" class=\"wpforms-submit-spinner\" style=\"display: none;\" width=\"26\" height=\"26\" alt=\"Wird geladen\"><\/div><\/form><\/div>  <!-- .wpforms-container -->\t\t<\/div>\n\t\t\t\t<\/div>\n\t\t\t\t<div class=\"elementor-element elementor-element-acbb794 sc_fly_static elementor-widget elementor-widget-text-editor\" data-id=\"acbb794\" data-element_type=\"widget\" data-widget_type=\"text-editor.default\">\n\t\t\t\t<div class=\"elementor-widget-container\">\n\t\t\t\t\t\t\t<p data-pm-slice=\"1 1 []\">Indem Sie auf die Schaltfl\u00e4che Absenden klicken, erkl\u00e4ren Sie sich mit der Erfassung und Speicherung Ihrer Daten in \u00dcbereinstimmung mit den Bedingungen in unserer <span style=\"text-decoration: underline;\"><a href=\"https:\/\/prima-oprema.si\/politika-zasebnosti-piskotki\/\">Datenschutzrichtlinie.<\/a><\/span><\/p>\n\t\t\t\t\t\t<\/div>\n\t\t\t\t<\/div>\n\t\t\t\t<div class=\"elementor-element elementor-element-18516ba9 sc_layouts_hide_on_wide sc_layouts_hide_on_desktop sc_layouts_hide_on_notebook sc_fly_static elementor-widget elementor-widget-spacer\" data-id=\"18516ba9\" data-element_type=\"widget\" data-widget_type=\"spacer.default\">\n\t\t\t\t<div class=\"elementor-widget-container\">\n\t\t\t\t\t<div class=\"elementor-spacer\">\n\t\t\t<div class=\"elementor-spacer-inner\"><\/div>\n\t\t<\/div>\n\t\t\t\t<\/div>\n\t\t\t\t<\/div>\n\t\t\t\t\t<\/div>\n\t\t<\/div>\n\t\t\t\t\t<\/div>\n\t\t<\/section>\n\t\t\t\t<div class=\"elementor-element elementor-element-40c36669 sc_height_huge sc_fly_static elementor-widget elementor-widget-spacer\" data-id=\"40c36669\" data-element_type=\"widget\" data-widget_type=\"spacer.default\">\n\t\t\t\t<div class=\"elementor-widget-container\">\n\t\t\t\t\t<div class=\"elementor-spacer\">\n\t\t\t<div class=\"elementor-spacer-inner\"><\/div>\n\t\t<\/div>\n\t\t\t\t<\/div>\n\t\t\t\t<\/div>\n\t\t\t\t\t<\/div>\n\t\t<\/div>\n\t\t\t\t\t<\/div>\n\t\t<\/section>\n\t\t\t\t<section class=\"elementor-section elementor-top-section elementor-element elementor-element-b35b84a elementor-section-full_width elementor-section-height-default elementor-section-height-default sc_fly_static\" data-id=\"b35b84a\" data-element_type=\"section\" data-settings=\"{&quot;background_background&quot;:&quot;classic&quot;}\">\n\t\t\t\t\t\t<div class=\"elementor-container elementor-column-gap-no\">\n\t\t\t\t\t<div class=\"elementor-column elementor-col-100 elementor-top-column elementor-element elementor-element-d92b45a sc_content_align_inherit sc_layouts_column_icons_position_left sc_fly_static\" data-id=\"d92b45a\" data-element_type=\"column\">\n\t\t\t<div class=\"elementor-widget-wrap elementor-element-populated\">\n\t\t\t\t\t\t<div class=\"elementor-element elementor-element-0a4c225 sc_fly_static elementor-widget elementor-widget-trx_sc_googlemap\" data-id=\"0a4c225\" data-element_type=\"widget\" data-widget_type=\"trx_sc_googlemap.default\">\n\t\t\t\t<div class=\"elementor-widget-container\">\n\t\t\t<div id=\"sc_googlemap_1368049855_wrap\" class=\"sc_googlemap_wrap\"><div id=\"sc_googlemap_1368049855\"\t\t\tclass=\"sc_item_content sc_map sc_googlemap sc_googlemap_default trx_addons_inline_79212470\"\n\t\t\t \t\t\tdata-zoom=\"13\"\n\t\t\tdata-center=\"\"\n\t\t\tdata-style=\"extra\"\n\t\t\tdata-map-id=\"\"\n\t\t\tdata-cluster-icon=\"\"\n\t\t\t><iframe\n\t\t\t\t\t\tsrc=\"https:\/\/maps.google.com\/maps?t=m&output=embed&iwloc=near&z=13&q=45.9607830640222%2C+15.107175127287146\"\n\t\t\t\t\t\taria-label=\"\"><\/iframe><\/div><\/div>\t\t<\/div>\n\t\t\t\t<\/div>\n\t\t\t\t\t<\/div>\n\t\t<\/div>\n\t\t\t\t\t<\/div>\n\t\t<\/section>\n\t\t\t\t<\/div>\n\t\t","protected":false},"excerpt":{"rendered":"<p>Kontakt Wir geben Ihnen gerne Auskunft \u00fcber unsere Dienstleistungen und Produkte. Nehmen Sie Kontakt mit uns auf, und gemeinsam werden wir Ihre Ideen und Projekte in die Tat umsetzen. Wir&hellip;<\/p>\n","protected":false},"author":1,"featured_media":36060,"parent":0,"menu_order":0,"comment_status":"closed","ping_status":"closed","template":"","meta":{"footnotes":""},"class_list":["post-36198","page","type-page","status-publish","has-post-thumbnail","hentry"],"yoast_head":"<!-- This site is optimized with the Yoast SEO plugin v24.6 - https:\/\/yoast.com\/wordpress\/plugins\/seo\/ -->\n<title>Kontakt - Prima Oprema d.o.o.<\/title>\n<meta name=\"robots\" content=\"index, follow, max-snippet:-1, max-image-preview:large, max-video-preview:-1\" \/>\n<link rel=\"canonical\" href=\"https:\/\/prima-oprema.si\/de\/kontakt\/\" \/>\n<meta property=\"og:locale\" content=\"de_DE\" \/>\n<meta property=\"og:type\" content=\"article\" \/>\n<meta property=\"og:title\" content=\"Kontakt - Prima Oprema d.o.o.\" \/>\n<meta property=\"og:description\" content=\"Kontakt Wir geben Ihnen gerne Auskunft \u00fcber unsere Dienstleistungen und Produkte. Nehmen Sie Kontakt mit uns auf, und gemeinsam werden wir Ihre Ideen und Projekte in die Tat umsetzen. Wir&hellip;\" \/>\n<meta property=\"og:url\" content=\"https:\/\/prima-oprema.si\/de\/kontakt\/\" \/>\n<meta property=\"og:site_name\" content=\"Prima Oprema d.o.o.\" \/>\n<meta property=\"article:publisher\" content=\"https:\/\/www.facebook.com\/people\/Prima-Oprema-Doo\/pfbid02AU2ZcqTRZ1uRisW69Q6RVh9kTn4nhxa525EZ1uuqxsiiy9zw3rRPtDyUZ2EP822xl\/\" \/>\n<meta property=\"article:modified_time\" content=\"2024-12-09T09:06:55+00:00\" \/>\n<meta property=\"og:image\" content=\"https:\/\/prima-oprema.si\/wp-content\/plugins\/wpforms-lite\/assets\/images\/submit-spin.svg\" \/>\n<meta name=\"twitter:card\" content=\"summary_large_image\" \/>\n<meta name=\"twitter:label1\" content=\"Gesch\u00e4tzte Lesezeit\" \/>\n\t<meta name=\"twitter:data1\" content=\"1\u00a0Minute\" \/>\n<script type=\"application\/ld+json\" class=\"yoast-schema-graph\">{\"@context\":\"https:\/\/schema.org\",\"@graph\":[{\"@type\":\"WebPage\",\"@id\":\"https:\/\/prima-oprema.si\/de\/kontakt\/\",\"url\":\"https:\/\/prima-oprema.si\/de\/kontakt\/\",\"name\":\"Kontakt - Prima Oprema d.o.o.\",\"isPartOf\":{\"@id\":\"https:\/\/prima-oprema.si\/de\/#website\"},\"primaryImageOfPage\":{\"@id\":\"https:\/\/prima-oprema.si\/de\/kontakt\/#primaryimage\"},\"image\":{\"@id\":\"https:\/\/prima-oprema.si\/de\/kontakt\/#primaryimage\"},\"thumbnailUrl\":\"https:\/\/prima-oprema.si\/wp-content\/uploads\/2024\/11\/cropped-Logo-removebg-prima-oprema.png\",\"datePublished\":\"2023-03-07T09:12:41+00:00\",\"dateModified\":\"2024-12-09T09:06:55+00:00\",\"breadcrumb\":{\"@id\":\"https:\/\/prima-oprema.si\/de\/kontakt\/#breadcrumb\"},\"inLanguage\":\"de\",\"potentialAction\":[{\"@type\":\"ReadAction\",\"target\":[\"https:\/\/prima-oprema.si\/de\/kontakt\/\"]}]},{\"@type\":\"ImageObject\",\"inLanguage\":\"de\",\"@id\":\"https:\/\/prima-oprema.si\/de\/kontakt\/#primaryimage\",\"url\":\"https:\/\/prima-oprema.si\/wp-content\/uploads\/2024\/11\/cropped-Logo-removebg-prima-oprema.png\",\"contentUrl\":\"https:\/\/prima-oprema.si\/wp-content\/uploads\/2024\/11\/cropped-Logo-removebg-prima-oprema.png\",\"width\":512,\"height\":512},{\"@type\":\"BreadcrumbList\",\"@id\":\"https:\/\/prima-oprema.si\/de\/kontakt\/#breadcrumb\",\"itemListElement\":[{\"@type\":\"ListItem\",\"position\":1,\"name\":\"Home\",\"item\":\"https:\/\/prima-oprema.si\/de\/\"},{\"@type\":\"ListItem\",\"position\":2,\"name\":\"Kontakt\"}]},{\"@type\":\"WebSite\",\"@id\":\"https:\/\/prima-oprema.si\/de\/#website\",\"url\":\"https:\/\/prima-oprema.si\/de\/\",\"name\":\"Prima Oprema d.o.o.\",\"description\":\"Zanesljivost in kakovost v vsakem koraku.\",\"publisher\":{\"@id\":\"https:\/\/prima-oprema.si\/de\/#organization\"},\"potentialAction\":[{\"@type\":\"SearchAction\",\"target\":{\"@type\":\"EntryPoint\",\"urlTemplate\":\"https:\/\/prima-oprema.si\/de\/?s={search_term_string}\"},\"query-input\":{\"@type\":\"PropertyValueSpecification\",\"valueRequired\":true,\"valueName\":\"search_term_string\"}}],\"inLanguage\":\"de\"},{\"@type\":\"Organization\",\"@id\":\"https:\/\/prima-oprema.si\/de\/#organization\",\"name\":\"Prima Oprema d.o.o.\",\"url\":\"https:\/\/prima-oprema.si\/de\/\",\"logo\":{\"@type\":\"ImageObject\",\"inLanguage\":\"de\",\"@id\":\"https:\/\/prima-oprema.si\/de\/#\/schema\/logo\/image\/\",\"url\":\"https:\/\/prima-oprema.si\/wp-content\/uploads\/2024\/11\/Logo-removebg-prima-oprema.png\",\"contentUrl\":\"https:\/\/prima-oprema.si\/wp-content\/uploads\/2024\/11\/Logo-removebg-prima-oprema.png\",\"width\":506,\"height\":493,\"caption\":\"Prima Oprema d.o.o.\"},\"image\":{\"@id\":\"https:\/\/prima-oprema.si\/de\/#\/schema\/logo\/image\/\"},\"sameAs\":[\"https:\/\/www.facebook.com\/people\/Prima-Oprema-Doo\/pfbid02AU2ZcqTRZ1uRisW69Q6RVh9kTn4nhxa525EZ1uuqxsiiy9zw3rRPtDyUZ2EP822xl\/\",\"https:\/\/www.linkedin.com\/in\/prima-oprema-d-o-o-001171259\/?originalSubdomain=si\"]}]}<\/script>\n<!-- \/ Yoast SEO plugin. -->","yoast_head_json":{"title":"Kontakt - Prima Oprema d.o.o.","robots":{"index":"index","follow":"follow","max-snippet":"max-snippet:-1","max-image-preview":"max-image-preview:large","max-video-preview":"max-video-preview:-1"},"canonical":"https:\/\/prima-oprema.si\/de\/kontakt\/","og_locale":"de_DE","og_type":"article","og_title":"Kontakt - Prima Oprema d.o.o.","og_description":"Kontakt Wir geben Ihnen gerne Auskunft \u00fcber unsere Dienstleistungen und Produkte. Nehmen Sie Kontakt mit uns auf, und gemeinsam werden wir Ihre Ideen und Projekte in die Tat umsetzen. Wir&hellip;","og_url":"https:\/\/prima-oprema.si\/de\/kontakt\/","og_site_name":"Prima Oprema d.o.o.","article_publisher":"https:\/\/www.facebook.com\/people\/Prima-Oprema-Doo\/pfbid02AU2ZcqTRZ1uRisW69Q6RVh9kTn4nhxa525EZ1uuqxsiiy9zw3rRPtDyUZ2EP822xl\/","article_modified_time":"2024-12-09T09:06:55+00:00","og_image":[{"url":"https:\/\/prima-oprema.si\/wp-content\/plugins\/wpforms-lite\/assets\/images\/submit-spin.svg","type":"","width":"","height":""}],"twitter_card":"summary_large_image","twitter_misc":{"Gesch\u00e4tzte Lesezeit":"1\u00a0Minute"},"schema":{"@context":"https:\/\/schema.org","@graph":[{"@type":"WebPage","@id":"https:\/\/prima-oprema.si\/de\/kontakt\/","url":"https:\/\/prima-oprema.si\/de\/kontakt\/","name":"Kontakt - Prima Oprema d.o.o.","isPartOf":{"@id":"https:\/\/prima-oprema.si\/de\/#website"},"primaryImageOfPage":{"@id":"https:\/\/prima-oprema.si\/de\/kontakt\/#primaryimage"},"image":{"@id":"https:\/\/prima-oprema.si\/de\/kontakt\/#primaryimage"},"thumbnailUrl":"https:\/\/prima-oprema.si\/wp-content\/uploads\/2024\/11\/cropped-Logo-removebg-prima-oprema.png","datePublished":"2023-03-07T09:12:41+00:00","dateModified":"2024-12-09T09:06:55+00:00","breadcrumb":{"@id":"https:\/\/prima-oprema.si\/de\/kontakt\/#breadcrumb"},"inLanguage":"de","potentialAction":[{"@type":"ReadAction","target":["https:\/\/prima-oprema.si\/de\/kontakt\/"]}]},{"@type":"ImageObject","inLanguage":"de","@id":"https:\/\/prima-oprema.si\/de\/kontakt\/#primaryimage","url":"https:\/\/prima-oprema.si\/wp-content\/uploads\/2024\/11\/cropped-Logo-removebg-prima-oprema.png","contentUrl":"https:\/\/prima-oprema.si\/wp-content\/uploads\/2024\/11\/cropped-Logo-removebg-prima-oprema.png","width":512,"height":512},{"@type":"BreadcrumbList","@id":"https:\/\/prima-oprema.si\/de\/kontakt\/#breadcrumb","itemListElement":[{"@type":"ListItem","position":1,"name":"Home","item":"https:\/\/prima-oprema.si\/de\/"},{"@type":"ListItem","position":2,"name":"Kontakt"}]},{"@type":"WebSite","@id":"https:\/\/prima-oprema.si\/de\/#website","url":"https:\/\/prima-oprema.si\/de\/","name":"Prima Oprema d.o.o.","description":"Zanesljivost in kakovost v vsakem koraku.","publisher":{"@id":"https:\/\/prima-oprema.si\/de\/#organization"},"potentialAction":[{"@type":"SearchAction","target":{"@type":"EntryPoint","urlTemplate":"https:\/\/prima-oprema.si\/de\/?s={search_term_string}"},"query-input":{"@type":"PropertyValueSpecification","valueRequired":true,"valueName":"search_term_string"}}],"inLanguage":"de"},{"@type":"Organization","@id":"https:\/\/prima-oprema.si\/de\/#organization","name":"Prima Oprema d.o.o.","url":"https:\/\/prima-oprema.si\/de\/","logo":{"@type":"ImageObject","inLanguage":"de","@id":"https:\/\/prima-oprema.si\/de\/#\/schema\/logo\/image\/","url":"https:\/\/prima-oprema.si\/wp-content\/uploads\/2024\/11\/Logo-removebg-prima-oprema.png","contentUrl":"https:\/\/prima-oprema.si\/wp-content\/uploads\/2024\/11\/Logo-removebg-prima-oprema.png","width":506,"height":493,"caption":"Prima Oprema d.o.o."},"image":{"@id":"https:\/\/prima-oprema.si\/de\/#\/schema\/logo\/image\/"},"sameAs":["https:\/\/www.facebook.com\/people\/Prima-Oprema-Doo\/pfbid02AU2ZcqTRZ1uRisW69Q6RVh9kTn4nhxa525EZ1uuqxsiiy9zw3rRPtDyUZ2EP822xl\/","https:\/\/www.linkedin.com\/in\/prima-oprema-d-o-o-001171259\/?originalSubdomain=si"]}]}},"_links":{"self":[{"href":"https:\/\/prima-oprema.si\/de\/wp-json\/wp\/v2\/pages\/36198","targetHints":{"allow":["GET"]}}],"collection":[{"href":"https:\/\/prima-oprema.si\/de\/wp-json\/wp\/v2\/pages"}],"about":[{"href":"https:\/\/prima-oprema.si\/de\/wp-json\/wp\/v2\/types\/page"}],"author":[{"embeddable":true,"href":"https:\/\/prima-oprema.si\/de\/wp-json\/wp\/v2\/users\/1"}],"replies":[{"embeddable":true,"href":"https:\/\/prima-oprema.si\/de\/wp-json\/wp\/v2\/comments?post=36198"}],"version-history":[{"count":0,"href":"https:\/\/prima-oprema.si\/de\/wp-json\/wp\/v2\/pages\/36198\/revisions"}],"wp:featuredmedia":[{"embeddable":true,"href":"https:\/\/prima-oprema.si\/de\/wp-json\/wp\/v2\/media\/36060"}],"wp:attachment":[{"href":"https:\/\/prima-oprema.si\/de\/wp-json\/wp\/v2\/media?parent=36198"}],"curies":[{"name":"wp","href":"https:\/\/api.w.org\/{rel}","templated":true}]}}